{"id":6251,"date":"2023-08-25T16:28:05","date_gmt":"2023-08-25T14:28:05","guid":{"rendered":"https:\/\/isempackaginggroup.com\/history\/"},"modified":"2025-08-07T10:32:50","modified_gmt":"2025-08-07T08:32:50","slug":"histoire","status":"publish","type":"page","link":"https:\/\/isempackaginggroup.com\/fr\/histoire\/","title":{"rendered":"HISTOIRE"},"content":{"rendered":"<div class=\"wpb-content-wrapper\"><p>[vc_row css=&#8221;.vc_custom_1690521071212{margin-top: -30px !important;}&#8221;][vc_column]\n\t\t\t\t<p class=\"rs-p-wp-fix\"><\/p>\n\t\t\t\t<sr7-module data-alias=\"parallax_header-1\" data-id=\"8\" id=\"SR7_8_1\" class=\"rs-ov-hidden\" data-version=\"6.7.52\">\n\t\t\t\t\t<sr7-adjuster><\/sr7-adjuster>\n\t\t\t\t\t<sr7-content>\n\t\t\t\t\t\t<sr7-slide id=\"SR7_8_1-33\" data-key=\"33\">\n\t\t\t\t\t\t\t<sr7-txt id=\"SR7_8_1-33-11\" class=\"sr7-layer\">LES \u00c9TAPES<br>DE NOTRE <br>IDENTIT\u00c9<\/sr7-txt>\n\t\t\t\t\t\t\t<sr7-txt id=\"SR7_8_1-33-12\" class=\"sr7-layer\">Notre patrimoine se d\u00e9voile comme une riche broderie d\u2019histoires et de r\u00e9ussites tiss\u00e9es depuis plus de 70 ans. \n<br>\n<br>\nChaque chapitre du groupe est marqu\u00e9 par le savoir-faire de nos entreprises historiques, unies dans la recherche constante de l\u2019efficacit\u00e9. \n<\/sr7-txt>\n\t\t\t\t\t\t<\/sr7-slide>\n\t\t\t\t\t\t<sr7-slide id=\"SR7_8_1-46\" data-key=\"46\">\n\t\t\t\t\t\t<\/sr7-slide>\n\t\t\t\t\t<\/sr7-content>\n\t\t\t\t\t<image_lists style=\"display:none\">\n\t\t\t\t\t\t<img data-src=\"\/\/isempackaginggroup.com\/luxury-packaging\/wp-content\/uploads\/revslider\/cloud3.png\" data-libid=\"559\" data-lib=\"medialibrary\" title=\"cloud3.png\" width=\"0\" height=\"0\" data-dbsrc=\"Ly9pc2VtcGFja2FnaW5nZ3JvdXAuY29tL2x1eHVyeS1wYWNrYWdpbmcvd3AtY29udGVudC91cGxvYWRzL3JldnNsaWRlci9jbG91ZDMucG5n\"\/>\n\t\t\t\t\t\t<img data-src=\"\/\/isempackaginggroup.com\/luxury-packaging\/wp-content\/uploads\/revslider\/mountain.png\" data-libid=\"553\" data-lib=\"medialibrary\" title=\"mountain.png\" width=\"0\" height=\"0\" data-dbsrc=\"Ly9pc2VtcGFja2FnaW5nZ3JvdXAuY29tL2x1eHVyeS1wYWNrYWdpbmcvd3AtY29udGVudC91cGxvYWRzL3JldnNsaWRlci9tb3VudGFpbi5wbmc=\"\/>\n\t\t\t\t\t\t<img data-src=\"\/\/isempackaginggroup.com\/luxury-packaging\/wp-content\/uploads\/2023\/08\/condor-2.png\" data-libid=\"577\" data-lib=\"medialibrary\" title=\"condor 2\" width=\"0\" height=\"0\" data-dbsrc=\"Ly9pc2VtcGFja2FnaW5nZ3JvdXAuY29tL2x1eHVyeS1wYWNrYWdpbmcvd3AtY29udGVudC91cGxvYWRzLzIwMjMvMDgvY29uZG9yLTIucG5n\"\/>\n\t\t\t\t\t\t<img data-src=\"\/\/isempackaginggroup.com\/luxury-packaging\/wp-content\/uploads\/revslider\/sky.jpg\" data-libid=\"547\" data-lib=\"medialibrary\" title=\"sky.jpg\" width=\"0\" height=\"0\" data-dbsrc=\"Ly9pc2VtcGFja2FnaW5nZ3JvdXAuY29tL2x1eHVyeS1wYWNrYWdpbmcvd3AtY29udGVudC91cGxvYWRzL3JldnNsaWRlci9za3kuanBn\"\/>\n\t\t\t\t\t\t<img data-src=\"\/\/isempackaginggroup.com\/luxury-packaging\/wp-content\/uploads\/revslider\/cloud2.png\" data-libid=\"556\" data-lib=\"medialibrary\" title=\"cloud2.png\" width=\"0\" height=\"0\" data-dbsrc=\"Ly9pc2VtcGFja2FnaW5nZ3JvdXAuY29tL2x1eHVyeS1wYWNrYWdpbmcvd3AtY29udGVudC91cGxvYWRzL3JldnNsaWRlci9jbG91ZDIucG5n\"\/>\n\t\t\t\t\t\t<img data-src=\"\/\/isempackaginggroup.com\/luxury-packaging\/wp-content\/uploads\/revslider\/cloud1.png\" data-libid=\"550\" data-lib=\"medialibrary\" title=\"cloud1.png\" width=\"0\" height=\"0\" data-dbsrc=\"Ly9pc2VtcGFja2FnaW5nZ3JvdXAuY29tL2x1eHVyeS1wYWNrYWdpbmcvd3AtY29udGVudC91cGxvYWRzL3JldnNsaWRlci9jbG91ZDEucG5n\"\/>\n\t\t\t\t\t<\/image_lists>\n\t\t\t\t<\/sr7-module>\n\t\t\t\t<script>\n\t\t\t\t\twindow.SR7 ??={};SR7.PMH ??={}; SR7.PMH[\"SR7_8_1\"] = {cn:100,state:false,fn: function() { if (window._tpt!==undefined && window._tpt.prepareModuleHeight !== undefined) {  _tpt.prepareModuleHeight({id:\"SR7_8_1\",el:[900,900,968,960,960],type:'hero',shdw:'0',gh:[900,900,968,960,960],gw:[1240,1240,1024,778,480],vpt:['100px&#039;,&#039;100px&#039;,&#039;100px&#039;,&#039;100px&#039;,&#039;100px'],size:{fullWidth:true, fullHeight:false},mh:'0',onh:0,onw:0,bg:{color:'{\"orig\":\"transparent\",\"type\":\"solid\",\"string\":\"transparent\"}'},plType:'-1',plColor:'#FFFFFF'});   SR7.PMH[\"SR7_8_1\"].state=true;} else if(SR7.PMH[\"SR7_8_1\"].cn-->0)\tsetTimeout( SR7.PMH[\"SR7_8_1\"].fn,19);}};SR7.PMH[\"SR7_8_1\" ].fn();\n\t\t\t\t<\/script>\n\n\t\t\t\t<p class=\"rs-p-wp-fix\"><\/p>\n\t\t\t\t<sr7-module data-alias=\"storia2\" data-id=\"20\" id=\"SR7_20_2\" class=\"rs-ov-hidden\" data-version=\"6.7.52\">\n\t\t\t\t\t<sr7-adjuster><\/sr7-adjuster>\n\t\t\t\t\t<sr7-content>\n\t\t\t\t\t\t<sr7-slide id=\"SR7_20_2-62\" data-key=\"62\">\n\t\t\t\t\t\t\t<sr7-txt id=\"SR7_20_2-62-5\" class=\"sr7-layer\">1949<\/sr7-txt>\n\t\t\t\t\t\t\t<sr7-txt id=\"SR7_20_2-62-6\" class=\"sr7-layer\">Enrica Maestri et Cesare Darone<br \/>\nfondent ISEM \u00e0 Vigevano, en Italie.<br \/>\nLa production comprend des bo\u00eetes<br \/>\npour chemises, accessoires, draps<br \/>\net jouets. L\u2019entreprise est l\u2019une des<br \/>\npremi\u00e8res en Italie \u00e0 importer des<br \/>\nmachines de pointe en provenance<br \/>\ndes \u00c9tats-Unis afin d\u2019optimiser<br \/>\nla qualit\u00e9 et la rapidit\u00e9 de ses<br \/>\nprocessus.<\/sr7-txt>\n\t\t\t\t\t\t\t<sr7-txt id=\"SR7_20_2-62-9\" class=\"sr7-layer\">1970-1980<\/sr7-txt>\n\t\t\t\t\t\t\t<sr7-txt id=\"SR7_20_2-62-10\" class=\"sr7-layer\">Au cours des ann\u00e9es 1970 et 1980, la production s\u2019est consid\u00e9rablement accrue et le groupe ISEM est devenu un acteur majeur de l\u2019industrie de l\u2019emballage. <\/sr7-txt>\n\t\t\t\t\t\t\t<sr7-txt id=\"SR7_20_2-62-14\" class=\"sr7-layer\">2000<\/sr7-txt>\n\t\t\t\t\t\t\t<sr7-txt id=\"SR7_20_2-62-16\" class=\"sr7-layer\">ISEM adopte un mod\u00e8le commercial de \u00abfull service\u00bb: elle enrichit son offre en int\u00e9grant, au sein des coffrets, des produits fournis par ses clients tels que parfums, cr\u00e8mes ou objets promotionnels.\n<\/sr7-txt>\n\t\t\t\t\t\t\t<sr7-txt id=\"SR7_20_2-62-26\" class=\"sr7-layer\">2008<\/sr7-txt>\n\t\t\t\t\t\t\t<sr7-txt id=\"SR7_20_2-62-27\" class=\"sr7-layer\">ISEM acquiert La Poligrafica, marquant la premi\u00e8re \u00e9tape du d\u00e9veloppement de la production d\u2019\u00e9tuis pliants en carton. La filiale commerciale fran\u00e7aise, ISEM France, est cr\u00e9\u00e9e.<\/sr7-txt>\n\t\t\t\t\t\t\t<sr7-txt id=\"SR7_20_2-62-32\" class=\"sr7-layer\">2018<\/sr7-txt>\n\t\t\t\t\t\t\t<sr7-txt id=\"SR7_20_2-62-33\" class=\"sr7-layer\">Grafiche Bramucci rejoint \u00e9galement le Groupe en tant que leader dans la production d\u2019\u00e9tuis pliants pour le secteur du luxe, et figure parmi les premi\u00e8res imprimeries en Italie \u00e0 avoir adopt\u00e9 la technique d\u2019impression offset UV.<\/sr7-txt>\n\t\t\t\t\t\t\t<sr7-txt id=\"SR7_20_2-62-42\" class=\"sr7-layer\">2019-2020<\/sr7-txt>\n\t\t\t\t\t\t\t<sr7-txt id=\"SR7_20_2-62-43\" class=\"sr7-layer\">Le groupe lance un important plan d\u2019investissement en adoptant une nouvelle presse offset, une nouvelle presse de marquage \u00e0 chaud, une nouvelle machine de d\u00e9coupe et deux nouvelles machines EMMECI. <\/sr7-txt>\n\t\t\t\t\t\t\t<sr7-txt id=\"SR7_20_2-62-48\" class=\"sr7-layer\">2020-2021<\/sr7-txt>\n\t\t\t\t\t\t\t<sr7-txt id=\"SR7_20_2-62-49\" class=\"sr7-layer\">Une nouvelle usine est implant\u00e9e \u00e0 Vigevano, d\u00e9di\u00e9e au co-packing d\u2019\u00e9tuis pliants. \n<br>\n<br>\nISEM obtient la\ncertification B Corp ainsi que la m\u00e9daille d\u2019argent EcoVadis.<\/sr7-txt>\n\t\t\t\t\t\t\t<sr7-txt id=\"SR7_20_2-62-55\" class=\"sr7-layer\">Grafiche Bramucci est d\u00e9finitivement int\u00e9gr\u00e9e \u00e0 ISEM.<br \/>\n<br \/>\nISEM acquiert Sacchettificio Toscano.<br \/>\n<br \/>\nLe Groupe devient une soci\u00e9t\u00e9 \u00e0 mission.<br \/>\n<br \/>\n<br \/>\n<\/sr7-txt>\n\t\t\t\t\t\t\t<sr7-txt id=\"SR7_20_2-62-60\" class=\"sr7-layer\">2022<\/sr7-txt>\n\t\t\t\t\t\t\t<sr7-txt id=\"SR7_20_2-62-61\" class=\"sr7-layer\">ISEM acquiert IndustrialPack, groupe d\u00e9j\u00e0 pr\u00e9sent dans les secteurs de la mode, de la lunetterie et de la haute chocolaterie pour la production de coffrets et de bo\u00eetes rigides, d\u2019\u00e9tuis pliants et de papiers de soie personnalis\u00e9s.<br \/>\n<br \/>\nISEM BRAMUCCI Middle East est cr\u00e9\u00e9e en tant que filiale commerciale au Moyen-Orient.<\/sr7-txt>\n\t\t\t\t\t\t\t<sr7-txt id=\"SR7_20_2-62-64\" class=\"sr7-layer\">2023<\/sr7-txt>\n\t\t\t\t\t\t\t<sr7-txt id=\"SR7_20_2-62-85\" class=\"sr7-layer\">2024<\/sr7-txt>\n\t\t\t\t\t\t\t<sr7-txt id=\"SR7_20_2-62-86\" class=\"sr7-layer\">Le Groupe poursuit son expansion<br \/>\navec l\u2019acquisition de Bartoli Packaging, fleuron historique du Made in Italy, sp\u00e9cialis\u00e9 dans la fabrication de coffrets et bo\u00eetes rigides de luxe pour la haute couture.<br \/>\n<br \/>\nISEM obtient la m\u00e9daille d\u2019or EcoVadis pour sa performance en mati\u00e8re de durabilit\u00e9.<\/sr7-txt>\n\t\t\t\t\t\t\t<sr7-txt id=\"SR7_20_2-62-138\" class=\"sr7-layer\">2025<\/sr7-txt>\n\t\t\t\t\t\t\t<sr7-txt id=\"SR7_20_2-62-139\" class=\"sr7-layer\">ISEM Packaging Group\nacquiert EGISA, renfor\u00e7ant\nainsi sa position de premier\ngroupe multinational\nenti\u00e8rement int\u00e9gr\u00e9 dans le\nsecteur du packaging de luxe.\nCette op\u00e9ration strat\u00e9gique\nrenforce son offre multiproduits\net multi-services sur\nses march\u00e9s cibles.<\/sr7-txt>\n\t\t\t\t\t\t<\/sr7-slide>\n\t\t\t\t\t\t<sr7-slide id=\"SR7_20_2-63\" data-key=\"63\">\n\t\t\t\t\t\t<\/sr7-slide>\n\t\t\t\t\t<\/sr7-content>\n\t\t\t\t\t<image_lists style=\"display:none\">\n\t\t\t\t\t\t<img data-src=\"\/\/isempackaginggroup.com\/luxury-packaging\/wp-content\/uploads\/2023\/08\/isem-old.jpg\" data-libid=\"584\" data-lib=\"medialibrary\" title=\"isem old\" width=\"0\" height=\"0\" data-dbsrc=\"Ly9pc2VtcGFja2FnaW5nZ3JvdXAuY29tL2x1eHVyeS1wYWNrYWdpbmcvd3AtY29udGVudC91cGxvYWRzLzIwMjMvMDgvaXNlbS1vbGQuanBn\"\/>\n\t\t\t\t\t\t<img data-src=\"\/\/isempackaginggroup.com\/luxury-packaging\/wp-content\/uploads\/2023\/10\/1970-1980-.jpg\" data-libid=\"6072\" data-lib=\"medialibrary\" title=\"1970-1980-\" width=\"0\" height=\"0\" data-dbsrc=\"Ly9pc2VtcGFja2FnaW5nZ3JvdXAuY29tL2x1eHVyeS1wYWNrYWdpbmcvd3AtY29udGVudC91cGxvYWRzLzIwMjMvMTAvMTk3MC0xOTgwLS5qcGc=\"\/>\n\t\t\t\t\t\t<img data-src=\"\/\/isempackaginggroup.com\/luxury-packaging\/wp-content\/uploads\/2023\/09\/1970_1980-foto2.png\" data-libid=\"947\" data-lib=\"medialibrary\" title=\"1970_1980-foto2\" width=\"0\" height=\"0\" data-dbsrc=\"Ly9pc2VtcGFja2FnaW5nZ3JvdXAuY29tL2x1eHVyeS1wYWNrYWdpbmcvd3AtY29udGVudC91cGxvYWRzLzIwMjMvMDkvMTk3MF8xOTgwLWZvdG8yLnBuZw==\"\/>\n\t\t\t\t\t\t<img data-src=\"\/\/isempackaginggroup.com\/luxury-packaging\/wp-content\/uploads\/2023\/10\/Logo-coming-soon.png\" data-libid=\"6088\" data-lib=\"medialibrary\" title=\"Logo coming soon\" width=\"0\" height=\"0\" data-dbsrc=\"Ly9pc2VtcGFja2FnaW5nZ3JvdXAuY29tL2x1eHVyeS1wYWNrYWdpbmcvd3AtY29udGVudC91cGxvYWRzLzIwMjMvMTAvTG9nby1jb21pbmctc29vbi5wbmc=\"\/>\n\t\t\t\t\t\t<img data-src=\"\/\/isempackaginggroup.com\/luxury-packaging\/wp-content\/uploads\/2023\/09\/2008-foto1.jpg\" data-libid=\"953\" data-lib=\"medialibrary\" title=\"2008-foto1\" width=\"0\" height=\"0\" data-dbsrc=\"Ly9pc2VtcGFja2FnaW5nZ3JvdXAuY29tL2x1eHVyeS1wYWNrYWdpbmcvd3AtY29udGVudC91cGxvYWRzLzIwMjMvMDkvMjAwOC1mb3RvMS5qcGc=\"\/>\n\t\t\t\t\t\t<img data-src=\"\/\/isempackaginggroup.com\/luxury-packaging\/wp-content\/uploads\/2023\/09\/2008-foto2.png\" data-libid=\"956\" data-lib=\"medialibrary\" title=\"2008-foto2\" width=\"0\" height=\"0\" data-dbsrc=\"Ly9pc2VtcGFja2FnaW5nZ3JvdXAuY29tL2x1eHVyeS1wYWNrYWdpbmcvd3AtY29udGVudC91cGxvYWRzLzIwMjMvMDkvMjAwOC1mb3RvMi5wbmc=\"\/>\n\t\t\t\t\t\t<img data-src=\"\/\/isempackaginggroup.com\/luxury-packaging\/wp-content\/uploads\/2023\/10\/Versace.jpg\" data-libid=\"6075\" data-lib=\"medialibrary\" title=\"Versace\" width=\"0\" height=\"0\" data-dbsrc=\"Ly9pc2VtcGFja2FnaW5nZ3JvdXAuY29tL2x1eHVyeS1wYWNrYWdpbmcvd3AtY29udGVudC91cGxvYWRzLzIwMjMvMTAvVmVyc2FjZS5qcGc=\"\/>\n\t\t\t\t\t\t<img data-src=\"\/\/isempackaginggroup.com\/luxury-packaging\/wp-content\/uploads\/2023\/10\/logo-bramucci-storico.png\" data-libid=\"6081\" data-lib=\"medialibrary\" title=\"logo-bramucci-storico\" width=\"0\" height=\"0\" data-dbsrc=\"Ly9pc2VtcGFja2FnaW5nZ3JvdXAuY29tL2x1eHVyeS1wYWNrYWdpbmcvd3AtY29udGVudC91cGxvYWRzLzIwMjMvMTAvbG9nby1icmFtdWNjaS1zdG9yaWNvLnBuZw==\"\/>\n\t\t\t\t\t\t<img data-src=\"\/\/isempackaginggroup.com\/luxury-packaging\/wp-content\/uploads\/2023\/08\/machine.png\" data-libid=\"613\" data-lib=\"medialibrary\" title=\"machine\" width=\"0\" height=\"0\" data-dbsrc=\"Ly9pc2VtcGFja2FnaW5nZ3JvdXAuY29tL2x1eHVyeS1wYWNrYWdpbmcvd3AtY29udGVudC91cGxvYWRzLzIwMjMvMDgvbWFjaGluZS5wbmc=\"\/>\n\t\t\t\t\t\t<img data-src=\"\/\/isempackaginggroup.com\/luxury-packaging\/wp-content\/uploads\/2023\/09\/Senza-titolo-2-1.jpg\" data-libid=\"965\" data-lib=\"medialibrary\" title=\"Senza titolo-2\" width=\"0\" height=\"0\" data-dbsrc=\"Ly9pc2VtcGFja2FnaW5nZ3JvdXAuY29tL2x1eHVyeS1wYWNrYWdpbmcvd3AtY29udGVudC91cGxvYWRzLzIwMjMvMDkvU2VuemEtdGl0b2xvLTItMS5qcGc=\"\/>\n\t\t\t\t\t\t<img data-src=\"\/\/isempackaginggroup.com\/luxury-packaging\/wp-content\/uploads\/2023\/10\/2021.png\" data-libid=\"6099\" data-lib=\"medialibrary\" title=\"2021\" width=\"0\" height=\"0\" data-dbsrc=\"Ly9pc2VtcGFja2FnaW5nZ3JvdXAuY29tL2x1eHVyeS1wYWNrYWdpbmcvd3AtY29udGVudC91cGxvYWRzLzIwMjMvMTAvMjAyMS5wbmc=\"\/>\n\t\t\t\t\t\t<img data-src=\"\/\/isempackaginggroup.com\/luxury-packaging\/wp-content\/uploads\/2023\/09\/2000-foto.png\" data-libid=\"950\" data-lib=\"medialibrary\" title=\"2000-foto\" width=\"0\" height=\"0\" data-dbsrc=\"Ly9pc2VtcGFja2FnaW5nZ3JvdXAuY29tL2x1eHVyeS1wYWNrYWdpbmcvd3AtY29udGVudC91cGxvYWRzLzIwMjMvMDkvMjAwMC1mb3RvLnBuZw==\"\/>\n\t\t\t\t\t\t<img data-src=\"\/\/isempackaginggroup.com\/luxury-packaging\/wp-content\/uploads\/2024\/01\/logo-ISEM-2023.jpg\" data-libid=\"6479\" data-lib=\"medialibrary\" title=\"logo ISEM 2023\" width=\"0\" height=\"0\" data-dbsrc=\"Ly9pc2VtcGFja2FnaW5nZ3JvdXAuY29tL2x1eHVyeS1wYWNrYWdpbmcvd3AtY29udGVudC91cGxvYWRzLzIwMjQvMDEvbG9nby1JU0VNLTIwMjMuanBn\"\/>\n\t\t\t\t\t\t<img data-src=\"\/\/isempackaginggroup.com\/luxury-packaging\/wp-content\/uploads\/2023\/10\/industrialpack-prodotto.jpg\" data-libid=\"6084\" data-lib=\"medialibrary\" title=\"industrialpack-prodotto\" width=\"0\" height=\"0\" data-dbsrc=\"Ly9pc2VtcGFja2FnaW5nZ3JvdXAuY29tL2x1eHVyeS1wYWNrYWdpbmcvd3AtY29udGVudC91cGxvYWRzLzIwMjMvMTAvaW5kdXN0cmlhbHBhY2stcHJvZG90dG8uanBn\"\/>\n\t\t\t\t\t\t<img data-src=\"\/\/isempackaginggroup.com\/luxury-packaging\/wp-content\/uploads\/2024\/09\/Ecovadis-medal-aug-2024.png\" data-libid=\"7350\" data-lib=\"medialibrary\" title=\"Ecovadis-medal-aug-2024\" width=\"0\" height=\"0\" data-dbsrc=\"Ly9pc2VtcGFja2FnaW5nZ3JvdXAuY29tL2x1eHVyeS1wYWNrYWdpbmcvd3AtY29udGVudC91cGxvYWRzLzIwMjQvMDkvRWNvdmFkaXMtbWVkYWwtYXVnLTIwMjQucG5n\"\/>\n\t\t\t\t\t\t<img data-src=\"\/\/isempackaginggroup.com\/luxury-packaging\/wp-content\/uploads\/2023\/09\/2023-foto.jpg\" data-libid=\"971\" title=\"2023-foto\" width=\"0\" height=\"0\" data-dbsrc=\"Ly9pc2VtcGFja2FnaW5nZ3JvdXAuY29tL2x1eHVyeS1wYWNrYWdpbmcvd3AtY29udGVudC91cGxvYWRzLzIwMjMvMDkvMjAyMy1mb3RvLmpwZw==\"\/>\n\t\t\t\t\t\t<img data-src=\"\/\/isempackaginggroup.com\/luxury-packaging\/wp-content\/uploads\/2023\/10\/1-sacchettificio%20toscano.png\" data-libid=\"6096\" data-lib=\"medialibrary\" title=\"sacchettificio toscano\" width=\"0\" height=\"0\" data-dbsrc=\"Ly9pc2VtcGFja2FnaW5nZ3JvdXAuY29tL2x1eHVyeS1wYWNrYWdpbmcvd3AtY29udGVudC91cGxvYWRzLzIwMjMvMTAvMS1zYWNjaGV0dGlmaWNpbyUyMHRvc2Nhbm8ucG5n\"\/>\n\t\t\t\t\t\t<img data-src=\"\/\/isempackaginggroup.com\/luxury-packaging\/wp-content\/uploads\/2024\/09\/foto-scatola-tonda-Bartoli.jpg\" data-libid=\"7398\" data-lib=\"medialibrary\" title=\"foto scatola tonda Bartoli\" width=\"0\" height=\"0\" data-dbsrc=\"Ly9pc2VtcGFja2FnaW5nZ3JvdXAuY29tL2x1eHVyeS1wYWNrYWdpbmcvd3AtY29udGVudC91cGxvYWRzLzIwMjQvMDkvZm90by1zY2F0b2xhLXRvbmRhLUJhcnRvbGkuanBn\"\/>\n\t\t\t\t\t\t<img data-src=\"\/\/isempackaginggroup.com\/luxury-packaging\/wp-content\/uploads\/2024\/09\/Bartoli-Packaging-1.png\" data-libid=\"7318\" data-lib=\"medialibrary\" title=\"Bartoli-Packaging\" width=\"0\" height=\"0\" data-dbsrc=\"Ly9pc2VtcGFja2FnaW5nZ3JvdXAuY29tL2x1eHVyeS1wYWNrYWdpbmcvd3AtY29udGVudC91cGxvYWRzLzIwMjQvMDkvQmFydG9saS1QYWNrYWdpbmctMS5wbmc=\"\/>\n\t\t\t\t\t\t<img data-src=\"\/\/isempackaginggroup.com\/luxury-packaging\/wp-content\/uploads\/2025\/08\/million-gold-rabanne.png\" data-libid=\"10705\" data-lib=\"medialibrary\" alt=\"million gold rabanne\" title=\"million gold rabanne\" width=\"0\" height=\"0\" data-dbsrc=\"Ly9pc2VtcGFja2FnaW5nZ3JvdXAuY29tL2x1eHVyeS1wYWNrYWdpbmcvd3AtY29udGVudC91cGxvYWRzLzIwMjUvMDgvbWlsbGlvbi1nb2xkLXJhYmFubmUucG5n\"\/>\n\t\t\t\t\t\t<img data-src=\"\/\/isempackaginggroup.com\/luxury-packaging\/wp-content\/uploads\/2025\/08\/Egisa.png\" data-libid=\"10407\" data-lib=\"medialibrary\" alt=\"Egisa\" title=\"Egisa\" width=\"0\" height=\"0\" data-dbsrc=\"Ly9pc2VtcGFja2FnaW5nZ3JvdXAuY29tL2x1eHVyeS1wYWNrYWdpbmcvd3AtY29udGVudC91cGxvYWRzLzIwMjUvMDgvRWdpc2EucG5n\"\/>\n\t\t\t\t\t<\/image_lists>\n\t\t\t\t<\/sr7-module>\n\t\t\t\t<script>\n\t\t\t\t\twindow.SR7 ??={};SR7.PMH ??={}; SR7.PMH[\"SR7_20_2\"] = {cn:100,state:false,fn: function() { if (window._tpt!==undefined && window._tpt.prepareModuleHeight !== undefined) {  _tpt.prepareModuleHeight({id:\"SR7_20_2\",el:[6500,6500,6500,6500,6061],type:'hero',shdw:'0',gh:[6500,6500,6500,6500,720],gw:[1240,1240,1240,1240,480],vpt:['20%&#039;,&#039;20%&#039;,&#039;20%&#039;,&#039;20%&#039;,&#039;20%'],size:{fullWidth:true, fullHeight:false},mh:'0',onh:0,onw:0,bg:{color:'{\"type\":\"solid\",\"orig\":\"#000000\",\"string\":\"rgba(0, 0, 0, 1)\"}'},plType:'-1',plColor:'#FFFFFF'});   SR7.PMH[\"SR7_20_2\"].state=true;} else if(SR7.PMH[\"SR7_20_2\"].cn-->0)\tsetTimeout( SR7.PMH[\"SR7_20_2\"].fn,19);}};SR7.PMH[\"SR7_20_2\" ].fn();\n\t\t\t\t<\/script>\n[\/vc_column][\/vc_row]<\/p>\n<\/div>","protected":false},"excerpt":{"rendered":"<p>[vc_row css=&#8221;.vc_custom_1690521071212{margin-top: -30px !important;}&#8221;][vc_column][\/vc_column][\/vc_row]<\/p>\n","protected":false},"author":1,"featured_media":0,"parent":0,"menu_order":0,"comment_status":"closed","ping_status":"closed","template":"","meta":{"cybocfi_hide_featured_image":"","footnotes":""},"class_list":["post-6251","page","type-page","status-publish","hentry","description-off"],"yoast_head":"<!-- This site is optimized with the Yoast SEO plugin v27.4 - https:\/\/yoast.com\/product\/yoast-seo-wordpress\/ -->\n<title>HISTOIRE - Isem Packaging Group<\/title>\n<meta name=\"robots\" content=\"index, follow, max-snippet:-1, max-image-preview:large, max-video-preview:-1\" \/>\n<link rel=\"canonical\" href=\"https:\/\/isempackaginggroup.com\/fr\/histoire\/\" \/>\n<meta property=\"og:locale\" content=\"fr_FR\" \/>\n<meta property=\"og:type\" content=\"article\" \/>\n<meta property=\"og:title\" content=\"HISTOIRE - Isem Packaging Group\" \/>\n<meta property=\"og:description\" content=\"[vc_row css=&#8221;.vc_custom_1690521071212{margin-top: -30px !important;}&#8221;][vc_column][\/vc_column][\/vc_row]\" \/>\n<meta property=\"og:url\" content=\"https:\/\/isempackaginggroup.com\/fr\/histoire\/\" \/>\n<meta property=\"og:site_name\" content=\"Isem Packaging Group\" \/>\n<meta property=\"article:modified_time\" content=\"2025-08-07T08:32:50+00:00\" \/>\n<meta name=\"twitter:card\" content=\"summary_large_image\" \/>\n<meta name=\"twitter:label1\" content=\"Est. reading time\" \/>\n\t<meta name=\"twitter:data1\" content=\"1 minute\" \/>\n<script type=\"application\/ld+json\" class=\"yoast-schema-graph\">{\"@context\":\"https:\\\/\\\/schema.org\",\"@graph\":[{\"@type\":\"WebPage\",\"@id\":\"https:\\\/\\\/isempackaginggroup.com\\\/fr\\\/histoire\\\/\",\"url\":\"https:\\\/\\\/isempackaginggroup.com\\\/fr\\\/histoire\\\/\",\"name\":\"HISTOIRE - Isem Packaging Group\",\"isPartOf\":{\"@id\":\"https:\\\/\\\/isempackaginggroup.com\\\/fr\\\/#website\"},\"datePublished\":\"2023-08-25T14:28:05+00:00\",\"dateModified\":\"2025-08-07T08:32:50+00:00\",\"breadcrumb\":{\"@id\":\"https:\\\/\\\/isempackaginggroup.com\\\/fr\\\/histoire\\\/#breadcrumb\"},\"inLanguage\":\"fr-FR\",\"potentialAction\":[{\"@type\":\"ReadAction\",\"target\":[\"https:\\\/\\\/isempackaginggroup.com\\\/fr\\\/histoire\\\/\"]}]},{\"@type\":\"BreadcrumbList\",\"@id\":\"https:\\\/\\\/isempackaginggroup.com\\\/fr\\\/histoire\\\/#breadcrumb\",\"itemListElement\":[{\"@type\":\"ListItem\",\"position\":1,\"name\":\"Home\",\"item\":\"https:\\\/\\\/isempackaginggroup.com\\\/fr\\\/\"},{\"@type\":\"ListItem\",\"position\":2,\"name\":\"HISTOIRE\"}]},{\"@type\":\"WebSite\",\"@id\":\"https:\\\/\\\/isempackaginggroup.com\\\/fr\\\/#website\",\"url\":\"https:\\\/\\\/isempackaginggroup.com\\\/fr\\\/\",\"name\":\"Isem Packaging Group\",\"description\":\"\",\"publisher\":{\"@id\":\"https:\\\/\\\/isempackaginggroup.com\\\/fr\\\/#organization\"},\"potentialAction\":[{\"@type\":\"SearchAction\",\"target\":{\"@type\":\"EntryPoint\",\"urlTemplate\":\"https:\\\/\\\/isempackaginggroup.com\\\/fr\\\/?s={search_term_string}\"},\"query-input\":{\"@type\":\"PropertyValueSpecification\",\"valueRequired\":true,\"valueName\":\"search_term_string\"}}],\"inLanguage\":\"fr-FR\"},{\"@type\":\"Organization\",\"@id\":\"https:\\\/\\\/isempackaginggroup.com\\\/fr\\\/#organization\",\"name\":\"Isem Packaging Group\",\"url\":\"https:\\\/\\\/isempackaginggroup.com\\\/fr\\\/\",\"logo\":{\"@type\":\"ImageObject\",\"inLanguage\":\"fr-FR\",\"@id\":\"https:\\\/\\\/isempackaginggroup.com\\\/fr\\\/#\\\/schema\\\/logo\\\/image\\\/\",\"url\":\"https:\\\/\\\/isempackaginggroup.com\\\/luxury-packaging\\\/wp-content\\\/uploads\\\/2024\\\/01\\\/logo-ISEM-2023.jpg\",\"contentUrl\":\"https:\\\/\\\/isempackaginggroup.com\\\/luxury-packaging\\\/wp-content\\\/uploads\\\/2024\\\/01\\\/logo-ISEM-2023.jpg\",\"width\":2560,\"height\":1812,\"caption\":\"Isem Packaging Group\"},\"image\":{\"@id\":\"https:\\\/\\\/isempackaginggroup.com\\\/fr\\\/#\\\/schema\\\/logo\\\/image\\\/\"},\"sameAs\":[\"https:\\\/\\\/www.linkedin.com\\\/company\\\/isemgroup\\\/\"]}]}<\/script>\n<!-- \/ Yoast SEO plugin. -->","yoast_head_json":{"title":"HISTOIRE - Isem Packaging Group","robots":{"index":"index","follow":"follow","max-snippet":"max-snippet:-1","max-image-preview":"max-image-preview:large","max-video-preview":"max-video-preview:-1"},"canonical":"https:\/\/isempackaginggroup.com\/fr\/histoire\/","og_locale":"fr_FR","og_type":"article","og_title":"HISTOIRE - Isem Packaging Group","og_description":"[vc_row css=&#8221;.vc_custom_1690521071212{margin-top: -30px !important;}&#8221;][vc_column][\/vc_column][\/vc_row]","og_url":"https:\/\/isempackaginggroup.com\/fr\/histoire\/","og_site_name":"Isem Packaging Group","article_modified_time":"2025-08-07T08:32:50+00:00","twitter_card":"summary_large_image","twitter_misc":{"Est. reading time":"1 minute"},"schema":{"@context":"https:\/\/schema.org","@graph":[{"@type":"WebPage","@id":"https:\/\/isempackaginggroup.com\/fr\/histoire\/","url":"https:\/\/isempackaginggroup.com\/fr\/histoire\/","name":"HISTOIRE - Isem Packaging Group","isPartOf":{"@id":"https:\/\/isempackaginggroup.com\/fr\/#website"},"datePublished":"2023-08-25T14:28:05+00:00","dateModified":"2025-08-07T08:32:50+00:00","breadcrumb":{"@id":"https:\/\/isempackaginggroup.com\/fr\/histoire\/#breadcrumb"},"inLanguage":"fr-FR","potentialAction":[{"@type":"ReadAction","target":["https:\/\/isempackaginggroup.com\/fr\/histoire\/"]}]},{"@type":"BreadcrumbList","@id":"https:\/\/isempackaginggroup.com\/fr\/histoire\/#breadcrumb","itemListElement":[{"@type":"ListItem","position":1,"name":"Home","item":"https:\/\/isempackaginggroup.com\/fr\/"},{"@type":"ListItem","position":2,"name":"HISTOIRE"}]},{"@type":"WebSite","@id":"https:\/\/isempackaginggroup.com\/fr\/#website","url":"https:\/\/isempackaginggroup.com\/fr\/","name":"Isem Packaging Group","description":"","publisher":{"@id":"https:\/\/isempackaginggroup.com\/fr\/#organization"},"potentialAction":[{"@type":"SearchAction","target":{"@type":"EntryPoint","urlTemplate":"https:\/\/isempackaginggroup.com\/fr\/?s={search_term_string}"},"query-input":{"@type":"PropertyValueSpecification","valueRequired":true,"valueName":"search_term_string"}}],"inLanguage":"fr-FR"},{"@type":"Organization","@id":"https:\/\/isempackaginggroup.com\/fr\/#organization","name":"Isem Packaging Group","url":"https:\/\/isempackaginggroup.com\/fr\/","logo":{"@type":"ImageObject","inLanguage":"fr-FR","@id":"https:\/\/isempackaginggroup.com\/fr\/#\/schema\/logo\/image\/","url":"https:\/\/isempackaginggroup.com\/luxury-packaging\/wp-content\/uploads\/2024\/01\/logo-ISEM-2023.jpg","contentUrl":"https:\/\/isempackaginggroup.com\/luxury-packaging\/wp-content\/uploads\/2024\/01\/logo-ISEM-2023.jpg","width":2560,"height":1812,"caption":"Isem Packaging Group"},"image":{"@id":"https:\/\/isempackaginggroup.com\/fr\/#\/schema\/logo\/image\/"},"sameAs":["https:\/\/www.linkedin.com\/company\/isemgroup\/"]}]}},"_links":{"self":[{"href":"https:\/\/isempackaginggroup.com\/fr\/wp-json\/wp\/v2\/pages\/6251","targetHints":{"allow":["GET"]}}],"collection":[{"href":"https:\/\/isempackaginggroup.com\/fr\/wp-json\/wp\/v2\/pages"}],"about":[{"href":"https:\/\/isempackaginggroup.com\/fr\/wp-json\/wp\/v2\/types\/page"}],"author":[{"embeddable":true,"href":"https:\/\/isempackaginggroup.com\/fr\/wp-json\/wp\/v2\/users\/1"}],"replies":[{"embeddable":true,"href":"https:\/\/isempackaginggroup.com\/fr\/wp-json\/wp\/v2\/comments?post=6251"}],"version-history":[{"count":2,"href":"https:\/\/isempackaginggroup.com\/fr\/wp-json\/wp\/v2\/pages\/6251\/revisions"}],"predecessor-version":[{"id":10551,"href":"https:\/\/isempackaginggroup.com\/fr\/wp-json\/wp\/v2\/pages\/6251\/revisions\/10551"}],"wp:attachment":[{"href":"https:\/\/isempackaginggroup.com\/fr\/wp-json\/wp\/v2\/media?parent=6251"}],"curies":[{"name":"wp","href":"https:\/\/api.w.org\/{rel}","templated":true}]}}