{"id":6141,"date":"2023-09-18T15:39:51","date_gmt":"2023-09-18T13:39:51","guid":{"rendered":"https:\/\/isempackaginggroup.com\/talents\/"},"modified":"2023-10-11T02:39:44","modified_gmt":"2023-10-11T00:39:44","slug":"talents","status":"publish","type":"page","link":"https:\/\/isempackaginggroup.com\/fr\/talents\/","title":{"rendered":"Talents"},"content":{"rendered":"<div class=\"wpb-content-wrapper\"><p>[vc_row full_width=&#8221;stretch_row_content&#8221; equal_height=&#8221;yes&#8221; content_placement=&#8221;middle&#8221; css=&#8221;.vc_custom_1695044351509{background-image: url(https:\/\/isempackaginggroup.com\/luxury-packaging\/wp-content\/uploads\/2023\/08\/job-wellness.jpg?id=532) !important;background-position: center !important;background-repeat: no-repeat !important;background-size: cover !important;}&#8221;][vc_column css_animation=&#8221;fadeInRightBig&#8221; width=&#8221;1\/2&#8243; css=&#8221;.vc_custom_1694408067033{padding-top: 20% !important;padding-right: 18% !important;padding-bottom: 30% !important;padding-left: 18% !important;background-color: rgba(24,37,60,0.73) !important;*background-color: rgb(24,37,60) !important;}&#8221;]<div data-id=\"mpc_icon_column-6969fe3712ea3ec\" class=\"mpc-icon-column mpc-init mpc-parent-hover mpc-transition mpc-animation mpc-icon-column--style_1 mpc-align--left \"  data-animation-in=\"transition.slideLeftBigIn||1300||900||100\"><div data-id=\"mpc_icon-1069fe3712ea44a\" class=\"mpc-icon mpc-init mpc-transition mpc-effect-none \"><div class=\"mpc-icon-wrap\"><i class=\"mpc-icon-part mpc-regular mpc-transition \"><\/i><\/div><\/div><div class=\"mpc-icon-column__content-wrap\"><div class=\"mpc-icon-column__content\"><div data-id=\"mpc_divider-4169fe3712ea479\" class=\"mpc-divider-wrap\"><div class=\"mpc-divider mpc-init mpc-align--center mpc-disable--left \" ><div class=\"mpc-divider__line mpc-side--left\"><span><\/span><\/div><div class=\"mpc-divider__line mpc-side--right\"><span><\/span><\/div><\/div><\/div><div class=\"mpc-icon-column__description mpc-typography--preset_0 mpc-transition\"><p>Un lieu o\u00f9 le talent n\u2019est pas seulement reconnu,<br \/>\nmais cultiv\u00e9s avec soin et d\u00e9vouement.<\/p>\n<\/div><\/div><\/div><\/div>[\/vc_column][vc_column parallax=&#8221;content-moving&#8221; css_animation=&#8221;fadeInLeftBig&#8221; width=&#8221;1\/2&#8243; css=&#8221;.vc_custom_1694408018061{padding-top: 15% !important;padding-right: 15% !important;padding-bottom: 15% !important;padding-left: 15% !important;background-position: center !important;background-repeat: no-repeat !important;background-size: cover !important;}&#8221;][vc_empty_space height=&#8221;600px&#8221;][\/vc_column][\/vc_row][vc_row full_width=&#8221;stretch_row_content&#8221; gap=&#8221;20&#8243; equal_height=&#8221;yes&#8221; content_placement=&#8221;middle&#8221; enable_parallax=&#8221;true&#8221; parallax_background=&#8221;1076&#8243; parallax_style=&#8221;fixed&#8221; css=&#8221;.vc_custom_1695047941199{padding-top: 180px !important;padding-bottom: 180px !important;}&#8221;][vc_column width=&#8221;1\/4&#8243;][\/vc_column][vc_column width=&#8221;1\/2&#8243; animation_in_type=&#8221;transition.slideUpBigIn&#8221; animation_in_offset=&#8221;100&#8243; animation_in_duration=&#8221;1400&#8243; animation_in_delay=&#8221;1000&#8243; css=&#8221;.vc_custom_1695048778354{padding-top: 90px !important;padding-right: 70px !important;padding-bottom: 90px !important;padding-left: 70px !important;background-color: rgba(22,29,40,0.68) !important;*background-color: rgb(22,29,40) !important;}&#8221;]<div id=\"mpc_textblock-5169fe3712ea52f\" class=\"mpc-textblock mpc-init mpc-typography--preset_0 \"><p>Chaque voix est entendue et chaque contribution valoris\u00e9e, car nous savons que c\u2019est de la diversit\u00e9 des perspectives et des exp\u00e9riences que naissent les id\u00e9es les plus novatrices.<\/p>\n<\/div>[\/vc_column][vc_column width=&#8221;1\/4&#8243;][\/vc_column][\/vc_row][vc_row full_width=&#8221;stretch_row_content&#8221; equal_height=&#8221;yes&#8221; content_placement=&#8221;middle&#8221;][vc_column css_animation=&#8221;fadeInRightBig&#8221; width=&#8221;2\/5&#8243; css=&#8221;.vc_custom_1695047043633{padding-top: 15% !important;padding-right: 18% !important;padding-bottom: 20% !important;padding-left: 18% !important;background-color: #7a93a7 !important;}&#8221;]<div data-id=\"mpc_icon_column-3669fe3712ea5e4\" class=\"mpc-icon-column mpc-init mpc-parent-hover mpc-transition mpc-animation mpc-icon-column--style_1 mpc-align--left \"  data-animation-in=\"transition.slideLeftBigIn||1300||900||100\"><div data-id=\"mpc_icon-5969fe3712ea60c\" class=\"mpc-icon mpc-init mpc-transition mpc-effect-none \"><div class=\"mpc-icon-wrap\"><i class=\"mpc-icon-part mpc-regular mpc-transition \"><\/i><\/div><\/div><div class=\"mpc-icon-column__content-wrap\"><div class=\"mpc-icon-column__content\"><h3 class=\"mpc-icon-column__heading mpc-typography--preset_0 mpc-transition\">UN \u00c9CHANGE<br \/>\nTRANSPARENT<\/h3><div data-id=\"mpc_divider-6569fe3712ea629\" class=\"mpc-divider-wrap\"><div class=\"mpc-divider mpc-init mpc-align--center mpc-disable--left \" ><div class=\"mpc-divider__line mpc-side--left\"><span><\/span><\/div><div class=\"mpc-divider__line mpc-side--right\"><span><\/span><\/div><\/div><\/div><div class=\"mpc-icon-column__description mpc-typography--preset_0 mpc-transition\"><p>Nous croyons en l\u2019ouverture et au partage, car seule une communication claire et honn\u00eate permet d\u2019instaurer une confiance mutuelle et de promouvoir un environnement de travail transparent.<\/p>\n<\/div><\/div><\/div><\/div>[\/vc_column][vc_column parallax=&#8221;content-moving&#8221; parallax_image=&#8221;1061&#8243; css_animation=&#8221;fadeInLeftBig&#8221; width=&#8221;3\/5&#8243; css=&#8221;.vc_custom_1695045759091{padding-top: 15% !important;padding-right: 15% !important;padding-bottom: 15% !important;padding-left: 15% !important;background-position: center !important;background-repeat: no-repeat !important;background-size: cover !important;}&#8221;][vc_empty_space height=&#8221;500px&#8221;][\/vc_column][\/vc_row][vc_row full_width=&#8221;stretch_row_content&#8221; equal_height=&#8221;yes&#8221; content_placement=&#8221;middle&#8221;][vc_column parallax=&#8221;content-moving&#8221; parallax_image=&#8221;1064&#8243; css_animation=&#8221;fadeInLeftBig&#8221; width=&#8221;3\/5&#8243; css=&#8221;.vc_custom_1695046720339{padding-top: 15% !important;padding-right: 15% !important;padding-bottom: 15% !important;padding-left: 15% !important;background-position: center !important;background-repeat: no-repeat !important;background-size: cover !important;}&#8221;][vc_empty_space height=&#8221;500px&#8221;][\/vc_column][vc_column css_animation=&#8221;fadeInRightBig&#8221; width=&#8221;2\/5&#8243; css=&#8221;.vc_custom_1695047053931{padding-top: 15% !important;padding-right: 18% !important;padding-bottom: 20% !important;padding-left: 18% !important;background-color: #cecdca !important;}&#8221;]<div data-id=\"mpc_icon_column-7869fe3712ea6b8\" class=\"mpc-icon-column mpc-init mpc-parent-hover mpc-transition mpc-animation mpc-icon-column--style_1 mpc-align--left \"  data-animation-in=\"transition.slideLeftBigIn||1300||900||100\"><div data-id=\"mpc_icon-6869fe3712ea6db\" class=\"mpc-icon mpc-init mpc-transition mpc-effect-none \"><div class=\"mpc-icon-wrap\"><i class=\"mpc-icon-part mpc-regular mpc-transition \"><\/i><\/div><\/div><div class=\"mpc-icon-column__content-wrap\"><div class=\"mpc-icon-column__content\"><h3 class=\"mpc-icon-column__heading mpc-typography--preset_0 mpc-transition\">L\u2019\u00c9THIQUE AU PREMIER PLAN<\/h3><div data-id=\"mpc_divider-2869fe3712ea6f5\" class=\"mpc-divider-wrap\"><div class=\"mpc-divider mpc-init mpc-align--center mpc-disable--left \" ><div class=\"mpc-divider__line mpc-side--left\"><span><\/span><\/div><div class=\"mpc-divider__line mpc-side--right\"><span><\/span><\/div><\/div><\/div><div class=\"mpc-icon-column__description mpc-typography--preset_0 mpc-transition\"><p>Nous nous engageons \u00e0 respecter les normes d\u2019int\u00e9grit\u00e9 les plus \u00e9lev\u00e9es et \u00e0 mener nos activit\u00e9s de mani\u00e8re durable, en respectant les personnes et en promouvant des relations positives avec nos clients, nos partenaires et les communaut\u00e9s au sein desquelles nous op\u00e9rons.<\/p>\n<\/div><\/div><\/div><\/div>[\/vc_column][\/vc_row][vc_row full_width=&#8221;stretch_row_content&#8221; equal_height=&#8221;yes&#8221; content_placement=&#8221;middle&#8221;][vc_column css_animation=&#8221;fadeInRightBig&#8221; width=&#8221;2\/5&#8243; css=&#8221;.vc_custom_1695047060589{padding-top: 15% !important;padding-right: 18% !important;padding-bottom: 20% !important;padding-left: 18% !important;background-color: #bed7e8 !important;}&#8221;]<div data-id=\"mpc_icon_column-4469fe3712ea7b1\" class=\"mpc-icon-column mpc-init mpc-parent-hover mpc-transition mpc-animation mpc-icon-column--style_1 mpc-align--left \"  data-animation-in=\"transition.slideLeftBigIn||1300||900||100\"><div data-id=\"mpc_icon-4969fe3712ea7db\" class=\"mpc-icon mpc-init mpc-transition mpc-effect-none \"><div class=\"mpc-icon-wrap\"><i class=\"mpc-icon-part mpc-regular mpc-transition \"><\/i><\/div><\/div><div class=\"mpc-icon-column__content-wrap\"><div class=\"mpc-icon-column__content\"><h3 class=\"mpc-icon-column__heading mpc-typography--preset_0 mpc-transition\">DES ESPRITS BRILLANTS ET DES C\u0152URS PASSIONN\u00c9S, ENSEMBLE<\/h3><div data-id=\"mpc_divider-7969fe3712ea7f7\" class=\"mpc-divider-wrap\"><div class=\"mpc-divider mpc-init mpc-align--center mpc-disable--left \" ><div class=\"mpc-divider__line mpc-side--left\"><span><\/span><\/div><div class=\"mpc-divider__line mpc-side--right\"><span><\/span><\/div><\/div><\/div><div class=\"mpc-icon-column__description mpc-typography--preset_0 mpc-transition\"><p>Nous sommes une famille qui se soutient mutuellement, qui se nourrit d\u2019inspiration et qui saisit toujours de nouvelles opportunit\u00e9s de croissance, en r\u00e9alisant tout son potentiel dans le cadre d\u2019une r\u00e9ussite commune.<\/p>\n<\/div><\/div><\/div><\/div>[\/vc_column][vc_column parallax=&#8221;content-moving&#8221; parallax_image=&#8221;1067&#8243; css_animation=&#8221;fadeInLeftBig&#8221; width=&#8221;3\/5&#8243; css=&#8221;.vc_custom_1695046936334{padding-top: 15% !important;padding-right: 15% !important;padding-bottom: 15% !important;padding-left: 15% !important;background-position: center !important;background-repeat: no-repeat !important;background-size: cover !important;}&#8221;][vc_empty_space height=&#8221;500px&#8221;][\/vc_column][\/vc_row][vc_row full_width=&#8221;stretch_row_content&#8221; gap=&#8221;20&#8243; equal_height=&#8221;yes&#8221; content_placement=&#8221;middle&#8221; enable_parallax=&#8221;true&#8221; parallax_background=&#8221;136&#8243; parallax_style=&#8221;fixed&#8221; css=&#8221;.vc_custom_1695096306748{padding-top: 240px !important;padding-bottom: 240px !important;}&#8221;][vc_column width=&#8221;3\/5&#8243;]<div id=\"mpc_textblock-8669fe3712ea85e\" class=\"mpc-textblock mpc-init mpc-typography--preset_0 \"><p style=\"text-align: center;\">Dans ISEM,<br \/>\nce n\u2019est pas seulement le travail qui nous passionne,<br \/>\nmais l\u2019ensemble du voyage que nous entreprenons ensemble.<\/p>\n<\/div>[\/vc_column][vc_column width=&#8221;2\/5&#8243; animation_in_type=&#8221;transition.shrinkIn&#8221; animation_in_offset=&#8221;100&#8243; animation_in_duration=&#8221;1000&#8243; animation_in_delay=&#8221;1000&#8243; css=&#8221;.vc_custom_1695048692737{padding-top: 90px !important;padding-right: 70px !important;padding-bottom: 90px !important;padding-left: 70px !important;}&#8221;][\/vc_column][\/vc_row][vc_row full_width=&#8221;stretch_row&#8221; gap=&#8221;30&#8243; equal_height=&#8221;yes&#8221; content_placement=&#8221;middle&#8221; css=&#8221;.vc_custom_1695050212147{padding-top: 80px !important;padding-bottom: 80px !important;}&#8221;][vc_column width=&#8221;1\/3&#8243;][vc_single_image image=&#8221;137&#8243; img_size=&#8221;228&#215;280&#8243; alignment=&#8221;center&#8221;][\/vc_column][vc_column width=&#8221;2\/3&#8243;]<div data-id=\"mpc_icon_column-3469fe3712ea8f7\" class=\"mpc-icon-column mpc-init mpc-parent-hover mpc-transition mpc-animation mpc-icon-column--style_1 mpc-align--left \"  data-animation-in=\"transition.slideLeftBigIn||1300||900||100\"><div data-id=\"mpc_icon-8269fe3712ea91a\" class=\"mpc-icon mpc-init mpc-transition mpc-effect-none \"><div class=\"mpc-icon-wrap\"><i class=\"mpc-icon-part mpc-regular mpc-transition \"><\/i><\/div><\/div><div class=\"mpc-icon-column__content-wrap\"><div class=\"mpc-icon-column__content\"><h3 class=\"mpc-icon-column__heading mpc-typography--preset_0 mpc-transition\">D\u00c9COUVREZ TOUTES LES POSSIBILIT\u00c9S DE REJOINDRE NOTRE GROUPE<\/h3><div data-id=\"mpc_divider-7469fe3712ea935\" class=\"mpc-divider-wrap\"><div class=\"mpc-divider mpc-init mpc-align--center mpc-disable--left \" ><div class=\"mpc-divider__line mpc-side--left\"><span><\/span><\/div><div class=\"mpc-divider__line mpc-side--right\"><span><\/span><\/div><\/div><\/div><\/div><\/div><\/div>[vc_row_inner][vc_column_inner width=&#8221;1\/2&#8243;]<a href=\"\/fr\/isem-offres-emploi\/\" title=\"Link\"  data-id=\"mpc_button-169fe3712ea99d\" class=\"mpc-button mpc-init mpc-transition mpc-animation mpc-typography--preset_0 \"  data-animation-in=\"transition.slideDownIn||1050||900||100\"><div class=\"mpc-button__content mpc-effect-type--none mpc-effect-side--none\"><span class=\"mpc-button__title mpc-transition\">Voir nos offres d\u2019emploi<\/span><\/div><div class=\"mpc-button__background mpc-transition mpc-effect-type--fade mpc-effect-side--in\"><\/div><\/a>[\/vc_column_inner][vc_column_inner width=&#8221;1\/2&#8243;]<a href=\"\/fr\/candidatura-spontanea-isem-group\/\" title=\"Link\"  data-id=\"mpc_button-1769fe3712eaa0f\" class=\"mpc-button mpc-init mpc-transition mpc-animation mpc-typography--preset_0 \"  data-animation-in=\"transition.slideDownIn||1050||900||100\"><div class=\"mpc-button__content mpc-effect-type--none mpc-effect-side--none\"><span class=\"mpc-button__title mpc-transition\">Soumettez votre candidature spontan\u00e9e <\/span><\/div><div class=\"mpc-button__background mpc-transition mpc-effect-type--fade mpc-effect-side--in\"><\/div><\/a>[\/vc_column_inner][\/vc_row_inner][\/vc_column][\/vc_row]<\/p>\n<\/div>","protected":false},"excerpt":{"rendered":"<p>[vc_row full_width=&#8221;stretch_row_content&#8221; equal_height=&#8221;yes&#8221; content_placement=&#8221;middle&#8221; css=&#8221;.vc_custom_1695044351509{background-image: url(https:\/\/isempackaginggroup.com\/luxury-packaging\/wp-content\/uploads\/2023\/08\/job-wellness.jpg?id=532) !important;background-position: center !important;background-repeat: no-repeat !important;background-size: cover !important;}&#8221;][vc_column css_animation=&#8221;fadeInRightBig&#8221; width=&#8221;1\/2&#8243; css=&#8221;.vc_custom_1694408067033{padding-top: 20% !important;padding-right: 18% !important;padding-bottom: 30% !important;padding-left: 18% !important;background-color: rgba(24,37,60,0.73) !important;*background-color: rgb(24,37,60) !important;}&#8221;][\/vc_column][vc_column parallax=&#8221;content-moving&#8221; css_animation=&#8221;fadeInLeftBig&#8221; width=&#8221;1\/2&#8243; css=&#8221;.vc_custom_1694408018061{padding-top: 15% !important;padding-right: 15% !important;padding-bottom: 15% !important;padding-left: 15% !important;background-position: center !important;background-repeat: no-repeat !important;background-size: cover !important;}&#8221;][vc_empty_space height=&#8221;600px&#8221;][\/vc_column][\/vc_row][vc_row full_width=&#8221;stretch_row_content&#8221; gap=&#8221;20&#8243; equal_height=&#8221;yes&#8221; content_placement=&#8221;middle&#8221; enable_parallax=&#8221;true&#8221; parallax_background=&#8221;1076&#8243; parallax_style=&#8221;fixed&#8221; css=&#8221;.vc_custom_1695047941199{padding-top:<\/p>\n","protected":false},"author":1,"featured_media":0,"parent":0,"menu_order":0,"comment_status":"closed","ping_status":"closed","template":"","meta":{"cybocfi_hide_featured_image":"","footnotes":""},"class_list":["post-6141","page","type-page","status-publish","hentry","description-off"],"yoast_head":"<!-- This site is optimized with the Yoast SEO plugin v27.4 - https:\/\/yoast.com\/product\/yoast-seo-wordpress\/ -->\n<title>Talents - Isem Packaging Group<\/title>\n<meta name=\"robots\" content=\"index, follow, max-snippet:-1, max-image-preview:large, max-video-preview:-1\" \/>\n<link rel=\"canonical\" href=\"https:\/\/isempackaginggroup.com\/fr\/talents\/\" \/>\n<meta property=\"og:locale\" content=\"fr_FR\" \/>\n<meta property=\"og:type\" content=\"article\" \/>\n<meta property=\"og:title\" content=\"Talents - Isem Packaging Group\" \/>\n<meta property=\"og:description\" content=\"[vc_row full_width=&#8221;stretch_row_content&#8221; equal_height=&#8221;yes&#8221; content_placement=&#8221;middle&#8221; css=&#8221;.vc_custom_1695044351509{background-image: url(https:\/\/isempackaginggroup.com\/luxury-packaging\/wp-content\/uploads\/2023\/08\/job-wellness.jpg?id=532) !important;background-position: center !important;background-repeat: no-repeat !important;background-size: cover !important;}&#8221;][vc_column css_animation=&#8221;fadeInRightBig&#8221; width=&#8221;1\/2&#8243; css=&#8221;.vc_custom_1694408067033{padding-top: 20% !important;padding-right: 18% !important;padding-bottom: 30% !important;padding-left: 18% !important;background-color: rgba(24,37,60,0.73) !important;*background-color: rgb(24,37,60) !important;}&#8221;][\/vc_column][vc_column parallax=&#8221;content-moving&#8221; css_animation=&#8221;fadeInLeftBig&#8221; width=&#8221;1\/2&#8243; css=&#8221;.vc_custom_1694408018061{padding-top: 15% !important;padding-right: 15% !important;padding-bottom: 15% !important;padding-left: 15% !important;background-position: center !important;background-repeat: no-repeat !important;background-size: cover !important;}&#8221;][vc_empty_space height=&#8221;600px&#8221;][\/vc_column][\/vc_row][vc_row full_width=&#8221;stretch_row_content&#8221; gap=&#8221;20&#8243; equal_height=&#8221;yes&#8221; content_placement=&#8221;middle&#8221; enable_parallax=&#8221;true&#8221; parallax_background=&#8221;1076&#8243; parallax_style=&#8221;fixed&#8221; css=&#8221;.vc_custom_1695047941199{padding-top:\" \/>\n<meta property=\"og:url\" content=\"https:\/\/isempackaginggroup.com\/fr\/talents\/\" \/>\n<meta property=\"og:site_name\" content=\"Isem Packaging Group\" \/>\n<meta property=\"article:modified_time\" content=\"2023-10-11T00:39:44+00:00\" \/>\n<meta name=\"twitter:card\" content=\"summary_large_image\" \/>\n<meta name=\"twitter:label1\" content=\"Est. reading time\" \/>\n\t<meta name=\"twitter:data1\" content=\"7 minutes\" \/>\n<script type=\"application\/ld+json\" class=\"yoast-schema-graph\">{\"@context\":\"https:\\\/\\\/schema.org\",\"@graph\":[{\"@type\":\"WebPage\",\"@id\":\"https:\\\/\\\/isempackaginggroup.com\\\/fr\\\/talents\\\/\",\"url\":\"https:\\\/\\\/isempackaginggroup.com\\\/fr\\\/talents\\\/\",\"name\":\"Talents - Isem Packaging Group\",\"isPartOf\":{\"@id\":\"https:\\\/\\\/isempackaginggroup.com\\\/fr\\\/#website\"},\"datePublished\":\"2023-09-18T13:39:51+00:00\",\"dateModified\":\"2023-10-11T00:39:44+00:00\",\"breadcrumb\":{\"@id\":\"https:\\\/\\\/isempackaginggroup.com\\\/fr\\\/talents\\\/#breadcrumb\"},\"inLanguage\":\"fr-FR\",\"potentialAction\":[{\"@type\":\"ReadAction\",\"target\":[\"https:\\\/\\\/isempackaginggroup.com\\\/fr\\\/talents\\\/\"]}]},{\"@type\":\"BreadcrumbList\",\"@id\":\"https:\\\/\\\/isempackaginggroup.com\\\/fr\\\/talents\\\/#breadcrumb\",\"itemListElement\":[{\"@type\":\"ListItem\",\"position\":1,\"name\":\"Home\",\"item\":\"https:\\\/\\\/isempackaginggroup.com\\\/fr\\\/\"},{\"@type\":\"ListItem\",\"position\":2,\"name\":\"Talents\"}]},{\"@type\":\"WebSite\",\"@id\":\"https:\\\/\\\/isempackaginggroup.com\\\/fr\\\/#website\",\"url\":\"https:\\\/\\\/isempackaginggroup.com\\\/fr\\\/\",\"name\":\"Isem Packaging Group\",\"description\":\"\",\"publisher\":{\"@id\":\"https:\\\/\\\/isempackaginggroup.com\\\/fr\\\/#organization\"},\"potentialAction\":[{\"@type\":\"SearchAction\",\"target\":{\"@type\":\"EntryPoint\",\"urlTemplate\":\"https:\\\/\\\/isempackaginggroup.com\\\/fr\\\/?s={search_term_string}\"},\"query-input\":{\"@type\":\"PropertyValueSpecification\",\"valueRequired\":true,\"valueName\":\"search_term_string\"}}],\"inLanguage\":\"fr-FR\"},{\"@type\":\"Organization\",\"@id\":\"https:\\\/\\\/isempackaginggroup.com\\\/fr\\\/#organization\",\"name\":\"Isem Packaging Group\",\"url\":\"https:\\\/\\\/isempackaginggroup.com\\\/fr\\\/\",\"logo\":{\"@type\":\"ImageObject\",\"inLanguage\":\"fr-FR\",\"@id\":\"https:\\\/\\\/isempackaginggroup.com\\\/fr\\\/#\\\/schema\\\/logo\\\/image\\\/\",\"url\":\"https:\\\/\\\/isempackaginggroup.com\\\/luxury-packaging\\\/wp-content\\\/uploads\\\/2024\\\/01\\\/logo-ISEM-2023.jpg\",\"contentUrl\":\"https:\\\/\\\/isempackaginggroup.com\\\/luxury-packaging\\\/wp-content\\\/uploads\\\/2024\\\/01\\\/logo-ISEM-2023.jpg\",\"width\":2560,\"height\":1812,\"caption\":\"Isem Packaging Group\"},\"image\":{\"@id\":\"https:\\\/\\\/isempackaginggroup.com\\\/fr\\\/#\\\/schema\\\/logo\\\/image\\\/\"},\"sameAs\":[\"https:\\\/\\\/www.linkedin.com\\\/company\\\/isemgroup\\\/\"]}]}<\/script>\n<!-- \/ Yoast SEO plugin. -->","yoast_head_json":{"title":"Talents - Isem Packaging Group","robots":{"index":"index","follow":"follow","max-snippet":"max-snippet:-1","max-image-preview":"max-image-preview:large","max-video-preview":"max-video-preview:-1"},"canonical":"https:\/\/isempackaginggroup.com\/fr\/talents\/","og_locale":"fr_FR","og_type":"article","og_title":"Talents - Isem Packaging Group","og_description":"[vc_row full_width=&#8221;stretch_row_content&#8221; equal_height=&#8221;yes&#8221; content_placement=&#8221;middle&#8221; css=&#8221;.vc_custom_1695044351509{background-image: url(https:\/\/isempackaginggroup.com\/luxury-packaging\/wp-content\/uploads\/2023\/08\/job-wellness.jpg?id=532) !important;background-position: center !important;background-repeat: no-repeat !important;background-size: cover !important;}&#8221;][vc_column css_animation=&#8221;fadeInRightBig&#8221; width=&#8221;1\/2&#8243; css=&#8221;.vc_custom_1694408067033{padding-top: 20% !important;padding-right: 18% !important;padding-bottom: 30% !important;padding-left: 18% !important;background-color: rgba(24,37,60,0.73) !important;*background-color: rgb(24,37,60) !important;}&#8221;][\/vc_column][vc_column parallax=&#8221;content-moving&#8221; css_animation=&#8221;fadeInLeftBig&#8221; width=&#8221;1\/2&#8243; css=&#8221;.vc_custom_1694408018061{padding-top: 15% !important;padding-right: 15% !important;padding-bottom: 15% !important;padding-left: 15% !important;background-position: center !important;background-repeat: no-repeat !important;background-size: cover !important;}&#8221;][vc_empty_space height=&#8221;600px&#8221;][\/vc_column][\/vc_row][vc_row full_width=&#8221;stretch_row_content&#8221; gap=&#8221;20&#8243; equal_height=&#8221;yes&#8221; content_placement=&#8221;middle&#8221; enable_parallax=&#8221;true&#8221; parallax_background=&#8221;1076&#8243; parallax_style=&#8221;fixed&#8221; css=&#8221;.vc_custom_1695047941199{padding-top:","og_url":"https:\/\/isempackaginggroup.com\/fr\/talents\/","og_site_name":"Isem Packaging Group","article_modified_time":"2023-10-11T00:39:44+00:00","twitter_card":"summary_large_image","twitter_misc":{"Est. reading time":"7 minutes"},"schema":{"@context":"https:\/\/schema.org","@graph":[{"@type":"WebPage","@id":"https:\/\/isempackaginggroup.com\/fr\/talents\/","url":"https:\/\/isempackaginggroup.com\/fr\/talents\/","name":"Talents - Isem Packaging Group","isPartOf":{"@id":"https:\/\/isempackaginggroup.com\/fr\/#website"},"datePublished":"2023-09-18T13:39:51+00:00","dateModified":"2023-10-11T00:39:44+00:00","breadcrumb":{"@id":"https:\/\/isempackaginggroup.com\/fr\/talents\/#breadcrumb"},"inLanguage":"fr-FR","potentialAction":[{"@type":"ReadAction","target":["https:\/\/isempackaginggroup.com\/fr\/talents\/"]}]},{"@type":"BreadcrumbList","@id":"https:\/\/isempackaginggroup.com\/fr\/talents\/#breadcrumb","itemListElement":[{"@type":"ListItem","position":1,"name":"Home","item":"https:\/\/isempackaginggroup.com\/fr\/"},{"@type":"ListItem","position":2,"name":"Talents"}]},{"@type":"WebSite","@id":"https:\/\/isempackaginggroup.com\/fr\/#website","url":"https:\/\/isempackaginggroup.com\/fr\/","name":"Isem Packaging Group","description":"","publisher":{"@id":"https:\/\/isempackaginggroup.com\/fr\/#organization"},"potentialAction":[{"@type":"SearchAction","target":{"@type":"EntryPoint","urlTemplate":"https:\/\/isempackaginggroup.com\/fr\/?s={search_term_string}"},"query-input":{"@type":"PropertyValueSpecification","valueRequired":true,"valueName":"search_term_string"}}],"inLanguage":"fr-FR"},{"@type":"Organization","@id":"https:\/\/isempackaginggroup.com\/fr\/#organization","name":"Isem Packaging Group","url":"https:\/\/isempackaginggroup.com\/fr\/","logo":{"@type":"ImageObject","inLanguage":"fr-FR","@id":"https:\/\/isempackaginggroup.com\/fr\/#\/schema\/logo\/image\/","url":"https:\/\/isempackaginggroup.com\/luxury-packaging\/wp-content\/uploads\/2024\/01\/logo-ISEM-2023.jpg","contentUrl":"https:\/\/isempackaginggroup.com\/luxury-packaging\/wp-content\/uploads\/2024\/01\/logo-ISEM-2023.jpg","width":2560,"height":1812,"caption":"Isem Packaging Group"},"image":{"@id":"https:\/\/isempackaginggroup.com\/fr\/#\/schema\/logo\/image\/"},"sameAs":["https:\/\/www.linkedin.com\/company\/isemgroup\/"]}]}},"_links":{"self":[{"href":"https:\/\/isempackaginggroup.com\/fr\/wp-json\/wp\/v2\/pages\/6141","targetHints":{"allow":["GET"]}}],"collection":[{"href":"https:\/\/isempackaginggroup.com\/fr\/wp-json\/wp\/v2\/pages"}],"about":[{"href":"https:\/\/isempackaginggroup.com\/fr\/wp-json\/wp\/v2\/types\/page"}],"author":[{"embeddable":true,"href":"https:\/\/isempackaginggroup.com\/fr\/wp-json\/wp\/v2\/users\/1"}],"replies":[{"embeddable":true,"href":"https:\/\/isempackaginggroup.com\/fr\/wp-json\/wp\/v2\/comments?post=6141"}],"version-history":[{"count":2,"href":"https:\/\/isempackaginggroup.com\/fr\/wp-json\/wp\/v2\/pages\/6141\/revisions"}],"predecessor-version":[{"id":6143,"href":"https:\/\/isempackaginggroup.com\/fr\/wp-json\/wp\/v2\/pages\/6141\/revisions\/6143"}],"wp:attachment":[{"href":"https:\/\/isempackaginggroup.com\/fr\/wp-json\/wp\/v2\/media?parent=6141"}],"curies":[{"name":"wp","href":"https:\/\/api.w.org\/{rel}","templated":true}]}}