{"id":6462,"date":"2023-12-18T12:41:10","date_gmt":"2023-12-18T11:41:10","guid":{"rendered":"https:\/\/isempackaginggroup.com\/whistleblowing\/"},"modified":"2023-12-18T12:48:13","modified_gmt":"2023-12-18T11:48:13","slug":"whistleblowing","status":"publish","type":"page","link":"https:\/\/isempackaginggroup.com\/en\/whistleblowing\/","title":{"rendered":"Whistleblowing"},"content":{"rendered":"<div class=\"wpb-content-wrapper\"><p>[vc_row][vc_column][vc_column_text]<\/p>\n<h2>Whistleblowing<\/h2>\n<p style=\"font-weight: 400;\"><em>ISEM S.r.l. Societ\u00e0 Benefit adotta un processo di ricezione, analisi e trattamento delle segnalazioni riguardanti la Societ\u00e0 inviate da Terzi o da Persone della societ\u00e0 ISEM.<\/em><\/p>\n<p style=\"font-weight: 400;\"><em>Il processo \u00e8 conforme alle novit\u00e0 normative introdotte dal D.lgs. 10 marzo 2023, n. 24 di attuazione della direttiva (UE) 2019\/1937 del Parlamento europeo e del Consiglio del 23 ottobre 2019, riguardante la protezione delle persone che segnalano violazioni del diritto<\/em><\/p>\n<p style=\"font-weight: 400;\"><em>dell&#8217;Unione e recante disposizioni riguardanti la protezione delle persone che segnalano violazioni delle disposizioni normative nazionali (c.d. \u201cDecreto Whistleblowing\u201d).<\/em><\/p>\n<p style=\"font-weight: 400;\"><em>Per l\u2019invio e la gestione delle segnalazioni ISEM implementa una piattaforma informatica dedicata, che costituisce canale preferenziale per l\u2019invio delle segnalazioni.<\/em><\/p>\n<p style=\"font-weight: 400;\"><em>Il canale di segnalazione interno \u00e8 gestito da un Gestore nominato dall\u2019azienda, che essendo esterno a ISEM \u00e8 indipendente e garantisce la riservatezza dell\u2019identit\u00e0 del segnalante, della persona coinvolta e di chiunque sia menzionato nella segnalazione, nonch\u00e9 del contenuto della segnalazione stessa.<\/em><\/p>\n<p style=\"font-weight: 400;\"><em>A seguito di una segnalazione non \u00e8 ammessa alcuna forma di ritorsione nei confronti di chi ne sia l\u2019autore.<\/em><\/p>\n<p style=\"font-weight: 400;\"><em>Se vuoi fare una Segnalazione a ISEM la puoi effettuare al seguente link:\u00a0<\/em><em>link Whistleblowing<\/em><\/p>\n<p>[\/vc_column_text]<a href=\"https:\/\/odvonline.com\/whistleblowing\/report\/J7FImL\" target=\"_blank\" title=\"Link\"  data-id=\"mpc_button-5669fe1991dc75f\" class=\"mpc-button mpc-init mpc-transition mpc-animation mpc-typography--preset_1 \"  data-animation-in=\"transition.slideDownIn||1050||900||100\"><div class=\"mpc-button__content mpc-effect-type--none mpc-effect-side--none\"><span class=\"mpc-button__title mpc-transition\">Whistleblowing<\/span><\/div><div class=\"mpc-button__background mpc-transition mpc-effect-type--fade mpc-effect-side--in\"><\/div><\/a>[vc_separator][vc_column_text]<i>Per informazioni pi\u00f9 dettagliate sui canali di segnalazione, sui soggetti legittimati a segnalare, sugli ambiti delle segnalazioni e sulle tutele del segnalante, scarica il seguente documento<\/i>[\/vc_column_text]<a href=\"https:\/\/isempackaginggroup.com\/luxury-packaging\/wp-content\/uploads\/2023\/12\/Informazioni-sui-canali-sulle-procedure-ed-i-presupposti-per-il-Whistleblowing-ai-sensi-del-d.lgs_.-10-marzo-2023-n.24.pdf\" title=\"Link\"  data-id=\"mpc_button-3869fe1991dc886\" class=\"mpc-button mpc-init mpc-transition mpc-animation mpc-typography--preset_1 \"  data-animation-in=\"transition.slideDownIn||1050||900||100\"><div class=\"mpc-button__content mpc-effect-type--none mpc-effect-side--none\"><span class=\"mpc-button__title mpc-transition\">INFORMAZIONI SUI CANALI, SULLE PROCEDURE ED I PRESUPPOSTI PER IL WHISTLEBLOWING<\/span><\/div><div class=\"mpc-button__background mpc-transition mpc-effect-type--fade mpc-effect-side--in\"><\/div><\/a>[\/vc_column][\/vc_row]<\/p>\n<\/div>","protected":false},"excerpt":{"rendered":"<p>[vc_row][vc_column][vc_column_text] Whistleblowing ISEM S.r.l. Societ\u00e0 Benefit adotta un processo di ricezione, analisi e trattamento delle segnalazioni riguardanti la Societ\u00e0 inviate da Terzi o da Persone della societ\u00e0 ISEM. Il processo \u00e8 conforme alle novit\u00e0 normative introdotte dal D.lgs. 10 marzo 2023, n. 24 di attuazione della direttiva (UE) 2019\/1937 del Parlamento europeo e del Consiglio<\/p>\n","protected":false},"author":1,"featured_media":0,"parent":0,"menu_order":0,"comment_status":"closed","ping_status":"open","template":"","meta":{"cybocfi_hide_featured_image":"","footnotes":""},"class_list":["post-6462","page","type-page","status-publish","hentry","description-off"],"yoast_head":"<!-- This site is optimized with the Yoast SEO plugin v27.4 - https:\/\/yoast.com\/product\/yoast-seo-wordpress\/ -->\n<title>Whistleblowing - Isem Packaging Group<\/title>\n<meta name=\"robots\" content=\"index, follow, max-snippet:-1, max-image-preview:large, max-video-preview:-1\" \/>\n<link rel=\"canonical\" href=\"https:\/\/isempackaginggroup.com\/en\/whistleblowing\/\" \/>\n<meta property=\"og:locale\" content=\"en_US\" \/>\n<meta property=\"og:type\" content=\"article\" \/>\n<meta property=\"og:title\" content=\"Whistleblowing - Isem Packaging Group\" \/>\n<meta property=\"og:description\" content=\"[vc_row][vc_column][vc_column_text] Whistleblowing ISEM S.r.l. Societ\u00e0 Benefit adotta un processo di ricezione, analisi e trattamento delle segnalazioni riguardanti la Societ\u00e0 inviate da Terzi o da Persone della societ\u00e0 ISEM. Il processo \u00e8 conforme alle novit\u00e0 normative introdotte dal D.lgs. 10 marzo 2023, n. 24 di attuazione della direttiva (UE) 2019\/1937 del Parlamento europeo e del Consiglio\" \/>\n<meta property=\"og:url\" content=\"https:\/\/isempackaginggroup.com\/en\/whistleblowing\/\" \/>\n<meta property=\"og:site_name\" content=\"Isem Packaging Group\" \/>\n<meta property=\"article:modified_time\" content=\"2023-12-18T11:48:13+00:00\" \/>\n<meta name=\"twitter:card\" content=\"summary_large_image\" \/>\n<meta name=\"twitter:label1\" content=\"Est. reading time\" \/>\n\t<meta name=\"twitter:data1\" content=\"2 minutes\" \/>\n<script type=\"application\/ld+json\" class=\"yoast-schema-graph\">{\"@context\":\"https:\\\/\\\/schema.org\",\"@graph\":[{\"@type\":\"WebPage\",\"@id\":\"https:\\\/\\\/isempackaginggroup.com\\\/en\\\/whistleblowing\\\/\",\"url\":\"https:\\\/\\\/isempackaginggroup.com\\\/en\\\/whistleblowing\\\/\",\"name\":\"Whistleblowing - Isem Packaging Group\",\"isPartOf\":{\"@id\":\"https:\\\/\\\/isempackaginggroup.com\\\/en\\\/#website\"},\"datePublished\":\"2023-12-18T11:41:10+00:00\",\"dateModified\":\"2023-12-18T11:48:13+00:00\",\"breadcrumb\":{\"@id\":\"https:\\\/\\\/isempackaginggroup.com\\\/en\\\/whistleblowing\\\/#breadcrumb\"},\"inLanguage\":\"en-US\",\"potentialAction\":[{\"@type\":\"ReadAction\",\"target\":[\"https:\\\/\\\/isempackaginggroup.com\\\/en\\\/whistleblowing\\\/\"]}]},{\"@type\":\"BreadcrumbList\",\"@id\":\"https:\\\/\\\/isempackaginggroup.com\\\/en\\\/whistleblowing\\\/#breadcrumb\",\"itemListElement\":[{\"@type\":\"ListItem\",\"position\":1,\"name\":\"Home\",\"item\":\"https:\\\/\\\/isempackaginggroup.com\\\/en\\\/\"},{\"@type\":\"ListItem\",\"position\":2,\"name\":\"Whistleblowing\"}]},{\"@type\":\"WebSite\",\"@id\":\"https:\\\/\\\/isempackaginggroup.com\\\/en\\\/#website\",\"url\":\"https:\\\/\\\/isempackaginggroup.com\\\/en\\\/\",\"name\":\"Isem Packaging Group\",\"description\":\"\",\"publisher\":{\"@id\":\"https:\\\/\\\/isempackaginggroup.com\\\/en\\\/#organization\"},\"potentialAction\":[{\"@type\":\"SearchAction\",\"target\":{\"@type\":\"EntryPoint\",\"urlTemplate\":\"https:\\\/\\\/isempackaginggroup.com\\\/en\\\/?s={search_term_string}\"},\"query-input\":{\"@type\":\"PropertyValueSpecification\",\"valueRequired\":true,\"valueName\":\"search_term_string\"}}],\"inLanguage\":\"en-US\"},{\"@type\":\"Organization\",\"@id\":\"https:\\\/\\\/isempackaginggroup.com\\\/en\\\/#organization\",\"name\":\"Isem Packaging Group\",\"url\":\"https:\\\/\\\/isempackaginggroup.com\\\/en\\\/\",\"logo\":{\"@type\":\"ImageObject\",\"inLanguage\":\"en-US\",\"@id\":\"https:\\\/\\\/isempackaginggroup.com\\\/en\\\/#\\\/schema\\\/logo\\\/image\\\/\",\"url\":\"https:\\\/\\\/isempackaginggroup.com\\\/luxury-packaging\\\/wp-content\\\/uploads\\\/2024\\\/01\\\/logo-ISEM-2023.jpg\",\"contentUrl\":\"https:\\\/\\\/isempackaginggroup.com\\\/luxury-packaging\\\/wp-content\\\/uploads\\\/2024\\\/01\\\/logo-ISEM-2023.jpg\",\"width\":2560,\"height\":1812,\"caption\":\"Isem Packaging Group\"},\"image\":{\"@id\":\"https:\\\/\\\/isempackaginggroup.com\\\/en\\\/#\\\/schema\\\/logo\\\/image\\\/\"},\"sameAs\":[\"https:\\\/\\\/www.linkedin.com\\\/company\\\/isemgroup\\\/\"]}]}<\/script>\n<!-- \/ Yoast SEO plugin. -->","yoast_head_json":{"title":"Whistleblowing - Isem Packaging Group","robots":{"index":"index","follow":"follow","max-snippet":"max-snippet:-1","max-image-preview":"max-image-preview:large","max-video-preview":"max-video-preview:-1"},"canonical":"https:\/\/isempackaginggroup.com\/en\/whistleblowing\/","og_locale":"en_US","og_type":"article","og_title":"Whistleblowing - Isem Packaging Group","og_description":"[vc_row][vc_column][vc_column_text] Whistleblowing ISEM S.r.l. Societ\u00e0 Benefit adotta un processo di ricezione, analisi e trattamento delle segnalazioni riguardanti la Societ\u00e0 inviate da Terzi o da Persone della societ\u00e0 ISEM. Il processo \u00e8 conforme alle novit\u00e0 normative introdotte dal D.lgs. 10 marzo 2023, n. 24 di attuazione della direttiva (UE) 2019\/1937 del Parlamento europeo e del Consiglio","og_url":"https:\/\/isempackaginggroup.com\/en\/whistleblowing\/","og_site_name":"Isem Packaging Group","article_modified_time":"2023-12-18T11:48:13+00:00","twitter_card":"summary_large_image","twitter_misc":{"Est. reading time":"2 minutes"},"schema":{"@context":"https:\/\/schema.org","@graph":[{"@type":"WebPage","@id":"https:\/\/isempackaginggroup.com\/en\/whistleblowing\/","url":"https:\/\/isempackaginggroup.com\/en\/whistleblowing\/","name":"Whistleblowing - Isem Packaging Group","isPartOf":{"@id":"https:\/\/isempackaginggroup.com\/en\/#website"},"datePublished":"2023-12-18T11:41:10+00:00","dateModified":"2023-12-18T11:48:13+00:00","breadcrumb":{"@id":"https:\/\/isempackaginggroup.com\/en\/whistleblowing\/#breadcrumb"},"inLanguage":"en-US","potentialAction":[{"@type":"ReadAction","target":["https:\/\/isempackaginggroup.com\/en\/whistleblowing\/"]}]},{"@type":"BreadcrumbList","@id":"https:\/\/isempackaginggroup.com\/en\/whistleblowing\/#breadcrumb","itemListElement":[{"@type":"ListItem","position":1,"name":"Home","item":"https:\/\/isempackaginggroup.com\/en\/"},{"@type":"ListItem","position":2,"name":"Whistleblowing"}]},{"@type":"WebSite","@id":"https:\/\/isempackaginggroup.com\/en\/#website","url":"https:\/\/isempackaginggroup.com\/en\/","name":"Isem Packaging Group","description":"","publisher":{"@id":"https:\/\/isempackaginggroup.com\/en\/#organization"},"potentialAction":[{"@type":"SearchAction","target":{"@type":"EntryPoint","urlTemplate":"https:\/\/isempackaginggroup.com\/en\/?s={search_term_string}"},"query-input":{"@type":"PropertyValueSpecification","valueRequired":true,"valueName":"search_term_string"}}],"inLanguage":"en-US"},{"@type":"Organization","@id":"https:\/\/isempackaginggroup.com\/en\/#organization","name":"Isem Packaging Group","url":"https:\/\/isempackaginggroup.com\/en\/","logo":{"@type":"ImageObject","inLanguage":"en-US","@id":"https:\/\/isempackaginggroup.com\/en\/#\/schema\/logo\/image\/","url":"https:\/\/isempackaginggroup.com\/luxury-packaging\/wp-content\/uploads\/2024\/01\/logo-ISEM-2023.jpg","contentUrl":"https:\/\/isempackaginggroup.com\/luxury-packaging\/wp-content\/uploads\/2024\/01\/logo-ISEM-2023.jpg","width":2560,"height":1812,"caption":"Isem Packaging Group"},"image":{"@id":"https:\/\/isempackaginggroup.com\/en\/#\/schema\/logo\/image\/"},"sameAs":["https:\/\/www.linkedin.com\/company\/isemgroup\/"]}]}},"_links":{"self":[{"href":"https:\/\/isempackaginggroup.com\/en\/wp-json\/wp\/v2\/pages\/6462","targetHints":{"allow":["GET"]}}],"collection":[{"href":"https:\/\/isempackaginggroup.com\/en\/wp-json\/wp\/v2\/pages"}],"about":[{"href":"https:\/\/isempackaginggroup.com\/en\/wp-json\/wp\/v2\/types\/page"}],"author":[{"embeddable":true,"href":"https:\/\/isempackaginggroup.com\/en\/wp-json\/wp\/v2\/users\/1"}],"replies":[{"embeddable":true,"href":"https:\/\/isempackaginggroup.com\/en\/wp-json\/wp\/v2\/comments?post=6462"}],"version-history":[{"count":1,"href":"https:\/\/isempackaginggroup.com\/en\/wp-json\/wp\/v2\/pages\/6462\/revisions"}],"predecessor-version":[{"id":6463,"href":"https:\/\/isempackaginggroup.com\/en\/wp-json\/wp\/v2\/pages\/6462\/revisions\/6463"}],"wp:attachment":[{"href":"https:\/\/isempackaginggroup.com\/en\/wp-json\/wp\/v2\/media?parent=6462"}],"curies":[{"name":"wp","href":"https:\/\/api.w.org\/{rel}","templated":true}]}}